{"id":99,"date":"2025-11-27T12:09:56","date_gmt":"2025-11-27T12:09:56","guid":{"rendered":"https://www.relo.lt/blog\/?page_id=99"},"modified":"2025-11-27T12:09:56","modified_gmt":"2025-11-27T12:09:56","slug":"kaip-integruoti-savo-kalendoriu","status":"publish","type":"page","link":"https://www.relo.lt/blog\/nuotrauku-redagavimas\/kaip-integruoti-savo-kalendoriu","title":{"rendered":"Kaip integruoti savo kalendori\u0173"},"content":{"rendered":"\n<p>IIntegruoti savo ap\u017ei\u016br\u0173 kalendori\u0173 itin paprasta \u2013 tereikia RELO sujungti su j\u016bs\u0173 \u201eCalendly\u201c nuoroda. \u201eCalendly\u201c yra nemokamas ir vienas populiariausi\u0173 pasaulyje susitikim\u0173 planavimo \u012franki\u0173: jis automati\u0161kai sinchronizuoja asmenin\u012f ir darbin\u012f kalendori\u0173, rodo tik jums patogius laikus, siun\u010dia pirk\u0117jams patvirtinimus bei priminimus, o jums \u2013 ai\u0161k\u0173 ap\u017ei\u016br\u0173 grafik\u0105 be \u201e\u017einu\u010di\u0173 ping-pongo\u201c. Rezultatas: ma\u017eiau neatvykim\u0173, joki\u0173 dvigub\u0173 rezervacij\u0173, tvarkingas laikas tarp ap\u017ei\u016br\u0173 ir profesionali pirk\u0117jo patirtis \u2013 jis pats i\u0161sirenka laik\u0105, o j\u016bs sutaupote valandas derinimo ir galite susikoncentruoti \u012f pardavim\u0105.<\/p>\n\n\n\n<div class=\"wp-block-buttons is-layout-flex wp-block-buttons-is-layout-flex\">\n<div class=\"wp-block-button is-style-outline is-style-outline--1\"><a class=\"wp-block-button__link wp-element-button\">Integruoti savo kalendori\u0173<\/a><\/div>\n<\/div>\n\n\n\n<hr class=\"wp-block-separator has-alpha-channel-opacity\"\/>\n\n\n\n<figure class=\"wp-block-embed is-type-video is-provider-youtube wp-block-embed-youtube wp-embed-aspect-16-9 wp-has-aspect-ratio\"><div class=\"wp-block-embed__wrapper\">\n<iframe loading=\"lazy\" title=\"Kalendoriaus integracija\" width=\"660\" height=\"371\" src=\"https:\/\/www.youtube.com\/embed\/ceseYFwQo_U?feature=oembed\" frameborder=\"0\" allow=\"accelerometer; autoplay; clipboard-write; encrypted-media; gyroscope; picture-in-picture; web-share\" referrerpolicy=\"strict-origin-when-cross-origin\" allowfullscreen><\/iframe>\n<\/div><\/figure>\n","protected":false},"excerpt":{"rendered":"<p>IIntegruoti savo ap\u017ei\u016br\u0173 kalendori\u0173 itin paprasta \u2013 tereikia RELO sujungti su j\u016bs\u0173 \u201eCalendly\u201c nuoroda. \u201eCalendly\u201c yra nemokamas ir vienas populiariausi\u0173 pasaulyje susitikim\u0173 planavimo \u012franki\u0173: jis automati\u0161kai sinchronizuoja asmenin\u012f ir darbin\u012f kalendori\u0173, rodo tik jums patogius laikus, siun\u010dia pirk\u0117jams&#8230; <\/p>\n","protected":false},"author":2,"featured_media":0,"parent":65,"menu_order":0,"comment_status":"closed","ping_status":"closed","template":"","meta":{"footnotes":""},"class_list":["post-99","page","type-page","status-publish","hentry"],"yoast_head":"<!-- This site is optimized with the Yoast SEO plugin v26.4 - https:\/\/yoast.com\/wordpress\/plugins\/seo\/ -->\n<title>Kaip integruoti savo kalendori\u0173 - RELO<\/title>\n<meta name=\"robots\" content=\"index, follow, max-snippet:-1, max-image-preview:large, max-video-preview:-1\" \/>\n<link rel=\"canonical\" href=\"https://www.relo.lt/blog\/nuotrauku-redagavimas\/kaip-integruoti-savo-kalendoriu\" \/>\n<meta property=\"og:locale\" content=\"en_US\" \/>\n<meta property=\"og:type\" content=\"article\" \/>\n<meta property=\"og:title\" content=\"Kaip integruoti savo kalendori\u0173 - RELO\" \/>\n<meta property=\"og:description\" content=\"IIntegruoti savo ap\u017ei\u016br\u0173 kalendori\u0173 itin paprasta \u2013 tereikia RELO sujungti su j\u016bs\u0173 \u201eCalendly\u201c nuoroda. \u201eCalendly\u201c yra nemokamas ir vienas populiariausi\u0173 pasaulyje susitikim\u0173 planavimo \u012franki\u0173: jis automati\u0161kai sinchronizuoja asmenin\u012f ir darbin\u012f kalendori\u0173, rodo tik jums patogius laikus, siun\u010dia pirk\u0117jams...\" \/>\n<meta property=\"og:url\" content=\"https://www.relo.lt/blog\/nuotrauku-redagavimas\/kaip-integruoti-savo-kalendoriu\" \/>\n<meta property=\"og:site_name\" content=\"RELO\" \/>\n<meta property=\"article:publisher\" content=\"https:\/\/www.facebook.com\/citynow.lt\" \/>\n<meta name=\"twitter:card\" content=\"summary_large_image\" \/>\n<meta name=\"twitter:label1\" content=\"Est. reading time\" \/>\n\t<meta name=\"twitter:data1\" content=\"1 minute\" \/>\n<script type=\"application\/ld+json\" class=\"yoast-schema-graph\">{\"@context\":\"https:\/\/schema.org\",\"@graph\":[{\"@type\":\"WebPage\",\"@id\":\"https://www.relo.lt/blog\/nuotrauku-redagavimas\/kaip-integruoti-savo-kalendoriu\",\"url\":\"https://www.relo.lt/blog\/nuotrauku-redagavimas\/kaip-integruoti-savo-kalendoriu\",\"name\":\"Kaip integruoti savo kalendori\u0173 - RELO\",\"isPartOf\":{\"@id\":\"https://www.relo.lt/blog\/#website\"},\"datePublished\":\"2025-11-27T12:09:56+00:00\",\"breadcrumb\":{\"@id\":\"https://www.relo.lt/blog\/nuotrauku-redagavimas\/kaip-integruoti-savo-kalendoriu#breadcrumb\"},\"inLanguage\":\"en-US\",\"potentialAction\":[{\"@type\":\"ReadAction\",\"target\":[\"https://www.relo.lt/blog\/nuotrauku-redagavimas\/kaip-integruoti-savo-kalendoriu\"]}]},{\"@type\":\"BreadcrumbList\",\"@id\":\"https://www.relo.lt/blog\/nuotrauku-redagavimas\/kaip-integruoti-savo-kalendoriu#breadcrumb\",\"itemListElement\":[{\"@type\":\"ListItem\",\"position\":1,\"name\":\"Home\",\"item\":\"https://www.relo.lt/blog\/\"},{\"@type\":\"ListItem\",\"position\":2,\"name\":\"Kaip naudotis relo\",\"item\":\"https://www.relo.lt/blog\/nuotrauku-redagavimas\"},{\"@type\":\"ListItem\",\"position\":3,\"name\":\"Kaip integruoti savo kalendori\u0173\"}]},{\"@type\":\"WebSite\",\"@id\":\"https://www.relo.lt/blog\/#website\",\"url\":\"https://www.relo.lt/blog\/\",\"name\":\"RELO\",\"description\":\"Parduodu NT pats\",\"potentialAction\":[{\"@type\":\"SearchAction\",\"target\":{\"@type\":\"EntryPoint\",\"urlTemplate\":\"https://www.relo.lt/blog\/?s={search_term_string}\"},\"query-input\":{\"@type\":\"PropertyValueSpecification\",\"valueRequired\":true,\"valueName\":\"search_term_string\"}}],\"inLanguage\":\"en-US\"}]}<\/script>\n<!-- \/ Yoast SEO plugin. -->","yoast_head_json":{"title":"Kaip integruoti savo kalendori\u0173 - RELO","robots":{"index":"index","follow":"follow","max-snippet":"max-snippet:-1","max-image-preview":"max-image-preview:large","max-video-preview":"max-video-preview:-1"},"canonical":"https://www.relo.lt/blog\/nuotrauku-redagavimas\/kaip-integruoti-savo-kalendoriu","og_locale":"en_US","og_type":"article","og_title":"Kaip integruoti savo kalendori\u0173 - RELO","og_description":"IIntegruoti savo ap\u017ei\u016br\u0173 kalendori\u0173 itin paprasta \u2013 tereikia RELO sujungti su j\u016bs\u0173 \u201eCalendly\u201c nuoroda. \u201eCalendly\u201c yra nemokamas ir vienas populiariausi\u0173 pasaulyje susitikim\u0173 planavimo \u012franki\u0173: jis automati\u0161kai sinchronizuoja asmenin\u012f ir darbin\u012f kalendori\u0173, rodo tik jums patogius laikus, siun\u010dia pirk\u0117jams...","og_url":"https://www.relo.lt/blog\/nuotrauku-redagavimas\/kaip-integruoti-savo-kalendoriu","og_site_name":"RELO","article_publisher":"https:\/\/www.facebook.com\/citynow.lt","twitter_card":"summary_large_image","twitter_misc":{"Est. reading time":"1 minute"},"schema":{"@context":"https:\/\/schema.org","@graph":[{"@type":"WebPage","@id":"https://www.relo.lt/blog\/nuotrauku-redagavimas\/kaip-integruoti-savo-kalendoriu","url":"https://www.relo.lt/blog\/nuotrauku-redagavimas\/kaip-integruoti-savo-kalendoriu","name":"Kaip integruoti savo kalendori\u0173 - RELO","isPartOf":{"@id":"https://www.relo.lt/blog\/#website"},"datePublished":"2025-11-27T12:09:56+00:00","breadcrumb":{"@id":"https://www.relo.lt/blog\/nuotrauku-redagavimas\/kaip-integruoti-savo-kalendoriu#breadcrumb"},"inLanguage":"en-US","potentialAction":[{"@type":"ReadAction","target":["https://www.relo.lt/blog\/nuotrauku-redagavimas\/kaip-integruoti-savo-kalendoriu"]}]},{"@type":"BreadcrumbList","@id":"https://www.relo.lt/blog\/nuotrauku-redagavimas\/kaip-integruoti-savo-kalendoriu#breadcrumb","itemListElement":[{"@type":"ListItem","position":1,"name":"Home","item":"https://www.relo.lt/blog\/"},{"@type":"ListItem","position":2,"name":"Kaip naudotis relo","item":"https://www.relo.lt/blog\/nuotrauku-redagavimas"},{"@type":"ListItem","position":3,"name":"Kaip integruoti savo kalendori\u0173"}]},{"@type":"WebSite","@id":"https://www.relo.lt/blog\/#website","url":"https://www.relo.lt/blog\/","name":"RELO","description":"Parduodu NT pats","potentialAction":[{"@type":"SearchAction","target":{"@type":"EntryPoint","urlTemplate":"https://www.relo.lt/blog\/?s={search_term_string}"},"query-input":{"@type":"PropertyValueSpecification","valueRequired":true,"valueName":"search_term_string"}}],"inLanguage":"en-US"}]}},"_links":{"self":[{"href":"https://www.relo.lt/blog\/wp-json\/wp\/v2\/pages\/99","targetHints":{"allow":["GET"]}}],"collection":[{"href":"https://www.relo.lt/blog\/wp-json\/wp\/v2\/pages"}],"about":[{"href":"https://www.relo.lt/blog\/wp-json\/wp\/v2\/types\/page"}],"author":[{"embeddable":true,"href":"https://www.relo.lt/blog\/wp-json\/wp\/v2\/users\/2"}],"replies":[{"embeddable":true,"href":"https://www.relo.lt/blog\/wp-json\/wp\/v2\/comments?post=99"}],"version-history":[{"count":1,"href":"https://www.relo.lt/blog\/wp-json\/wp\/v2\/pages\/99\/revisions"}],"predecessor-version":[{"id":100,"href":"https://www.relo.lt/blog\/wp-json\/wp\/v2\/pages\/99\/revisions\/100"}],"up":[{"embeddable":true,"href":"https://www.relo.lt/blog\/wp-json\/wp\/v2\/pages\/65"}],"wp:attachment":[{"href":"https://www.relo.lt/blog\/wp-json\/wp\/v2\/media?parent=99"}],"curies":[{"name":"wp","href":"https:\/\/api.w.org\/{rel}","templated":true}]}}