{"id":95,"date":"2025-11-27T11:56:35","date_gmt":"2025-11-27T11:56:35","guid":{"rendered":"https://www.relo.lt/blog\/?page_id=95"},"modified":"2025-11-27T11:56:50","modified_gmt":"2025-11-27T11:56:50","slug":"sukurti-skelbima-ir-jo-nuoroda","status":"publish","type":"page","link":"https://www.relo.lt/blog\/nuotrauku-redagavimas\/sukurti-skelbima-ir-jo-nuoroda","title":{"rendered":"Sukurti skelbim\u0105 ir jo nuorod\u0105"},"content":{"rendered":"\n<p>vedus turto detales, skelbimas susikuria automati\u0161kai \u2013 juo galite i\u0161 karto pasidalinti su \u0161eimos nariais, potencialiais pirk\u0117jais ar partneriais (brokeriais). Tiesiog nukopijuokite skelbimo nuorod\u0105 arba nuotrauk\u0105. Skelbimas pritaikytas patogiai per\u017ei\u016brai tiek kompiuteryje, tiek mobiliajame telefone. Nuorod\u0105 galite sukurti ir dalintis net netalpindami skelbimo portaluose.<\/p>\n\n\n\n<div class=\"wp-block-buttons is-layout-flex wp-block-buttons-is-layout-flex\">\n<div class=\"wp-block-button is-style-outline is-style-outline--1\"><a class=\"wp-block-button__link wp-element-button\" href=\"https:\/\/www.relo.lt\/thread\/seller_agent\">Sukurti skelbim\u0105 ir nuorod\u0105<\/a><\/div>\n<\/div>\n\n\n\n<hr class=\"wp-block-separator has-alpha-channel-opacity\"\/>\n\n\n\n<figure class=\"wp-block-embed is-type-video is-provider-youtube wp-block-embed-youtube wp-embed-aspect-4-3 wp-has-aspect-ratio\"><div class=\"wp-block-embed__wrapper\">\n<iframe loading=\"lazy\" title=\"Kaip sukurti skelbim\u0105\" width=\"660\" height=\"495\" src=\"https:\/\/www.youtube.com\/embed\/4jBY7v2WRnY?feature=oembed\" frameborder=\"0\" allow=\"accelerometer; autoplay; clipboard-write; encrypted-media; gyroscope; picture-in-picture; web-share\" referrerpolicy=\"strict-origin-when-cross-origin\" allowfullscreen><\/iframe>\n<\/div><\/figure>\n","protected":false},"excerpt":{"rendered":"<p>vedus turto detales, skelbimas susikuria automati\u0161kai \u2013 juo galite i\u0161 karto pasidalinti su \u0161eimos nariais, potencialiais pirk\u0117jais ar partneriais (brokeriais). Tiesiog nukopijuokite skelbimo nuorod\u0105 arba nuotrauk\u0105. Skelbimas pritaikytas patogiai per\u017ei\u016brai tiek kompiuteryje, tiek mobiliajame telefone. Nuorod\u0105 galite sukurti&#8230; <\/p>\n","protected":false},"author":2,"featured_media":0,"parent":65,"menu_order":0,"comment_status":"closed","ping_status":"closed","template":"","meta":{"footnotes":""},"class_list":["post-95","page","type-page","status-publish","hentry"],"yoast_head":"<!-- This site is optimized with the Yoast SEO plugin v26.4 - https:\/\/yoast.com\/wordpress\/plugins\/seo\/ -->\n<title>Sukurti skelbim\u0105 ir jo nuorod\u0105 - RELO<\/title>\n<meta name=\"robots\" content=\"index, follow, max-snippet:-1, max-image-preview:large, max-video-preview:-1\" \/>\n<link rel=\"canonical\" href=\"https://www.relo.lt/blog\/nuotrauku-redagavimas\/sukurti-skelbima-ir-jo-nuoroda\" \/>\n<meta property=\"og:locale\" content=\"en_US\" \/>\n<meta property=\"og:type\" content=\"article\" \/>\n<meta property=\"og:title\" content=\"Sukurti skelbim\u0105 ir jo nuorod\u0105 - RELO\" \/>\n<meta property=\"og:description\" content=\"vedus turto detales, skelbimas susikuria automati\u0161kai \u2013 juo galite i\u0161 karto pasidalinti su \u0161eimos nariais, potencialiais pirk\u0117jais ar partneriais (brokeriais). Tiesiog nukopijuokite skelbimo nuorod\u0105 arba nuotrauk\u0105. Skelbimas pritaikytas patogiai per\u017ei\u016brai tiek kompiuteryje, tiek mobiliajame telefone. Nuorod\u0105 galite sukurti...\" \/>\n<meta property=\"og:url\" content=\"https://www.relo.lt/blog\/nuotrauku-redagavimas\/sukurti-skelbima-ir-jo-nuoroda\" \/>\n<meta property=\"og:site_name\" content=\"RELO\" \/>\n<meta property=\"article:publisher\" content=\"https:\/\/www.facebook.com\/citynow.lt\" \/>\n<meta property=\"article:modified_time\" content=\"2025-11-27T11:56:50+00:00\" \/>\n<meta name=\"twitter:card\" content=\"summary_large_image\" \/>\n<script type=\"application\/ld+json\" class=\"yoast-schema-graph\">{\"@context\":\"https:\/\/schema.org\",\"@graph\":[{\"@type\":\"WebPage\",\"@id\":\"https://www.relo.lt/blog\/nuotrauku-redagavimas\/sukurti-skelbima-ir-jo-nuoroda\",\"url\":\"https://www.relo.lt/blog\/nuotrauku-redagavimas\/sukurti-skelbima-ir-jo-nuoroda\",\"name\":\"Sukurti skelbim\u0105 ir jo nuorod\u0105 - RELO\",\"isPartOf\":{\"@id\":\"https://www.relo.lt/blog\/#website\"},\"datePublished\":\"2025-11-27T11:56:35+00:00\",\"dateModified\":\"2025-11-27T11:56:50+00:00\",\"breadcrumb\":{\"@id\":\"https://www.relo.lt/blog\/nuotrauku-redagavimas\/sukurti-skelbima-ir-jo-nuoroda#breadcrumb\"},\"inLanguage\":\"en-US\",\"potentialAction\":[{\"@type\":\"ReadAction\",\"target\":[\"https://www.relo.lt/blog\/nuotrauku-redagavimas\/sukurti-skelbima-ir-jo-nuoroda\"]}]},{\"@type\":\"BreadcrumbList\",\"@id\":\"https://www.relo.lt/blog\/nuotrauku-redagavimas\/sukurti-skelbima-ir-jo-nuoroda#breadcrumb\",\"itemListElement\":[{\"@type\":\"ListItem\",\"position\":1,\"name\":\"Home\",\"item\":\"https://www.relo.lt/blog\/\"},{\"@type\":\"ListItem\",\"position\":2,\"name\":\"Kaip naudotis relo\",\"item\":\"https://www.relo.lt/blog\/nuotrauku-redagavimas\"},{\"@type\":\"ListItem\",\"position\":3,\"name\":\"Sukurti skelbim\u0105 ir jo nuorod\u0105\"}]},{\"@type\":\"WebSite\",\"@id\":\"https://www.relo.lt/blog\/#website\",\"url\":\"https://www.relo.lt/blog\/\",\"name\":\"RELO\",\"description\":\"Parduodu NT pats\",\"potentialAction\":[{\"@type\":\"SearchAction\",\"target\":{\"@type\":\"EntryPoint\",\"urlTemplate\":\"https://www.relo.lt/blog\/?s={search_term_string}\"},\"query-input\":{\"@type\":\"PropertyValueSpecification\",\"valueRequired\":true,\"valueName\":\"search_term_string\"}}],\"inLanguage\":\"en-US\"}]}<\/script>\n<!-- \/ Yoast SEO plugin. -->","yoast_head_json":{"title":"Sukurti skelbim\u0105 ir jo nuorod\u0105 - RELO","robots":{"index":"index","follow":"follow","max-snippet":"max-snippet:-1","max-image-preview":"max-image-preview:large","max-video-preview":"max-video-preview:-1"},"canonical":"https://www.relo.lt/blog\/nuotrauku-redagavimas\/sukurti-skelbima-ir-jo-nuoroda","og_locale":"en_US","og_type":"article","og_title":"Sukurti skelbim\u0105 ir jo nuorod\u0105 - RELO","og_description":"vedus turto detales, skelbimas susikuria automati\u0161kai \u2013 juo galite i\u0161 karto pasidalinti su \u0161eimos nariais, potencialiais pirk\u0117jais ar partneriais (brokeriais). Tiesiog nukopijuokite skelbimo nuorod\u0105 arba nuotrauk\u0105. Skelbimas pritaikytas patogiai per\u017ei\u016brai tiek kompiuteryje, tiek mobiliajame telefone. Nuorod\u0105 galite sukurti...","og_url":"https://www.relo.lt/blog\/nuotrauku-redagavimas\/sukurti-skelbima-ir-jo-nuoroda","og_site_name":"RELO","article_publisher":"https:\/\/www.facebook.com\/citynow.lt","article_modified_time":"2025-11-27T11:56:50+00:00","twitter_card":"summary_large_image","schema":{"@context":"https:\/\/schema.org","@graph":[{"@type":"WebPage","@id":"https://www.relo.lt/blog\/nuotrauku-redagavimas\/sukurti-skelbima-ir-jo-nuoroda","url":"https://www.relo.lt/blog\/nuotrauku-redagavimas\/sukurti-skelbima-ir-jo-nuoroda","name":"Sukurti skelbim\u0105 ir jo nuorod\u0105 - RELO","isPartOf":{"@id":"https://www.relo.lt/blog\/#website"},"datePublished":"2025-11-27T11:56:35+00:00","dateModified":"2025-11-27T11:56:50+00:00","breadcrumb":{"@id":"https://www.relo.lt/blog\/nuotrauku-redagavimas\/sukurti-skelbima-ir-jo-nuoroda#breadcrumb"},"inLanguage":"en-US","potentialAction":[{"@type":"ReadAction","target":["https://www.relo.lt/blog\/nuotrauku-redagavimas\/sukurti-skelbima-ir-jo-nuoroda"]}]},{"@type":"BreadcrumbList","@id":"https://www.relo.lt/blog\/nuotrauku-redagavimas\/sukurti-skelbima-ir-jo-nuoroda#breadcrumb","itemListElement":[{"@type":"ListItem","position":1,"name":"Home","item":"https://www.relo.lt/blog\/"},{"@type":"ListItem","position":2,"name":"Kaip naudotis relo","item":"https://www.relo.lt/blog\/nuotrauku-redagavimas"},{"@type":"ListItem","position":3,"name":"Sukurti skelbim\u0105 ir jo nuorod\u0105"}]},{"@type":"WebSite","@id":"https://www.relo.lt/blog\/#website","url":"https://www.relo.lt/blog\/","name":"RELO","description":"Parduodu NT pats","potentialAction":[{"@type":"SearchAction","target":{"@type":"EntryPoint","urlTemplate":"https://www.relo.lt/blog\/?s={search_term_string}"},"query-input":{"@type":"PropertyValueSpecification","valueRequired":true,"valueName":"search_term_string"}}],"inLanguage":"en-US"}]}},"_links":{"self":[{"href":"https://www.relo.lt/blog\/wp-json\/wp\/v2\/pages\/95","targetHints":{"allow":["GET"]}}],"collection":[{"href":"https://www.relo.lt/blog\/wp-json\/wp\/v2\/pages"}],"about":[{"href":"https://www.relo.lt/blog\/wp-json\/wp\/v2\/types\/page"}],"author":[{"embeddable":true,"href":"https://www.relo.lt/blog\/wp-json\/wp\/v2\/users\/2"}],"replies":[{"embeddable":true,"href":"https://www.relo.lt/blog\/wp-json\/wp\/v2\/comments?post=95"}],"version-history":[{"count":2,"href":"https://www.relo.lt/blog\/wp-json\/wp\/v2\/pages\/95\/revisions"}],"predecessor-version":[{"id":97,"href":"https://www.relo.lt/blog\/wp-json\/wp\/v2\/pages\/95\/revisions\/97"}],"up":[{"embeddable":true,"href":"https://www.relo.lt/blog\/wp-json\/wp\/v2\/pages\/65"}],"wp:attachment":[{"href":"https://www.relo.lt/blog\/wp-json\/wp\/v2\/media?parent=95"}],"curies":[{"name":"wp","href":"https:\/\/api.w.org\/{rel}","templated":true}]}}