{"id":90,"date":"2025-11-27T11:37:50","date_gmt":"2025-11-27T11:37:50","guid":{"rendered":"https://www.relo.lt/blog\/?page_id=90"},"modified":"2025-11-27T11:44:24","modified_gmt":"2025-11-27T11:44:24","slug":"sukurti-skelbimo-aprasyma","status":"publish","type":"page","link":"https://www.relo.lt/blog\/nuotrauku-redagavimas\/sukurti-skelbimo-aprasyma","title":{"rendered":"Sukurti skelbimo apra\u0161ym\u0105"},"content":{"rendered":"\n<p>Skelbimo apra\u0161ym\u0105 RELO sukuria automati\u0161kai, remdamasis \u012fkeltomis nuotraukomis, projekto vieta (adresu ir aplinkine infrastrukt\u016bra) bei turto charakteristikomis.<\/p>\n\n\n\n<div class=\"wp-block-buttons is-layout-flex wp-block-buttons-is-layout-flex\">\n<div class=\"wp-block-button is-style-outline is-style-outline--1\"><a class=\"wp-block-button__link wp-element-button\" href=\"https:\/\/www.relo.lt\/thread\/seller_agent\">Sukurti skelbimo apra\u0161ym\u0105<\/a><\/div>\n<\/div>\n\n\n\n<hr class=\"wp-block-separator has-alpha-channel-opacity\"\/>\n\n\n\n<figure class=\"wp-block-embed is-type-video is-provider-youtube wp-block-embed-youtube wp-embed-aspect-4-3 wp-has-aspect-ratio\"><div class=\"wp-block-embed__wrapper\">\n<iframe loading=\"lazy\" title=\"Skelbimo aprasymas\" width=\"660\" height=\"495\" src=\"https:\/\/www.youtube.com\/embed\/h7Ht8jAEoJ8?feature=oembed\" frameborder=\"0\" allow=\"accelerometer; autoplay; clipboard-write; encrypted-media; gyroscope; picture-in-picture; web-share\" referrerpolicy=\"strict-origin-when-cross-origin\" allowfullscreen><\/iframe>\n<\/div><\/figure>\n\n\n\n<p>Turite savo m\u0117gstam\u0105 skelbimo stili\u0173? Galite sukurti \u0161ablon\u0105 ir personalizuoti.<\/p>\n\n\n\n<figure class=\"wp-block-embed is-type-video is-provider-youtube wp-block-embed-youtube wp-embed-aspect-4-3 wp-has-aspect-ratio\"><div class=\"wp-block-embed__wrapper\">\n<iframe loading=\"lazy\" title=\"Skelbimo apra\u0161ymo personalizavimas\" width=\"660\" height=\"495\" src=\"https:\/\/www.youtube.com\/embed\/Qb-Bm6QQ1jo?feature=oembed\" frameborder=\"0\" allow=\"accelerometer; autoplay; clipboard-write; encrypted-media; gyroscope; picture-in-picture; web-share\" referrerpolicy=\"strict-origin-when-cross-origin\" allowfullscreen><\/iframe>\n<\/div><\/figure>\n\n\n\n<p><\/p>\n","protected":false},"excerpt":{"rendered":"<p>Skelbimo apra\u0161ym\u0105 RELO sukuria automati\u0161kai, remdamasis \u012fkeltomis nuotraukomis, projekto vieta (adresu ir aplinkine infrastrukt\u016bra) bei turto charakteristikomis. Turite savo m\u0117gstam\u0105 skelbimo stili\u0173? Galite sukurti \u0161ablon\u0105 ir personalizuoti.<\/p>\n","protected":false},"author":2,"featured_media":0,"parent":65,"menu_order":0,"comment_status":"closed","ping_status":"closed","template":"","meta":{"footnotes":""},"class_list":["post-90","page","type-page","status-publish","hentry"],"yoast_head":"<!-- This site is optimized with the Yoast SEO plugin v26.4 - https:\/\/yoast.com\/wordpress\/plugins\/seo\/ -->\n<title>Sukurti skelbimo apra\u0161ym\u0105 - RELO<\/title>\n<meta name=\"robots\" content=\"index, follow, max-snippet:-1, max-image-preview:large, max-video-preview:-1\" \/>\n<link rel=\"canonical\" href=\"https://www.relo.lt/blog\/nuotrauku-redagavimas\/sukurti-skelbimo-aprasyma\" \/>\n<meta property=\"og:locale\" content=\"en_US\" \/>\n<meta property=\"og:type\" content=\"article\" \/>\n<meta property=\"og:title\" content=\"Sukurti skelbimo apra\u0161ym\u0105 - RELO\" \/>\n<meta property=\"og:description\" content=\"Skelbimo apra\u0161ym\u0105 RELO sukuria automati\u0161kai, remdamasis \u012fkeltomis nuotraukomis, projekto vieta (adresu ir aplinkine infrastrukt\u016bra) bei turto charakteristikomis. Turite savo m\u0117gstam\u0105 skelbimo stili\u0173? Galite sukurti \u0161ablon\u0105 ir personalizuoti.\" \/>\n<meta property=\"og:url\" content=\"https://www.relo.lt/blog\/nuotrauku-redagavimas\/sukurti-skelbimo-aprasyma\" \/>\n<meta property=\"og:site_name\" content=\"RELO\" \/>\n<meta property=\"article:publisher\" content=\"https:\/\/www.facebook.com\/citynow.lt\" \/>\n<meta property=\"article:modified_time\" content=\"2025-11-27T11:44:24+00:00\" \/>\n<meta name=\"twitter:card\" content=\"summary_large_image\" \/>\n<script type=\"application\/ld+json\" class=\"yoast-schema-graph\">{\"@context\":\"https:\/\/schema.org\",\"@graph\":[{\"@type\":\"WebPage\",\"@id\":\"https://www.relo.lt/blog\/nuotrauku-redagavimas\/sukurti-skelbimo-aprasyma\",\"url\":\"https://www.relo.lt/blog\/nuotrauku-redagavimas\/sukurti-skelbimo-aprasyma\",\"name\":\"Sukurti skelbimo apra\u0161ym\u0105 - RELO\",\"isPartOf\":{\"@id\":\"https://www.relo.lt/blog\/#website\"},\"datePublished\":\"2025-11-27T11:37:50+00:00\",\"dateModified\":\"2025-11-27T11:44:24+00:00\",\"breadcrumb\":{\"@id\":\"https://www.relo.lt/blog\/nuotrauku-redagavimas\/sukurti-skelbimo-aprasyma#breadcrumb\"},\"inLanguage\":\"en-US\",\"potentialAction\":[{\"@type\":\"ReadAction\",\"target\":[\"https://www.relo.lt/blog\/nuotrauku-redagavimas\/sukurti-skelbimo-aprasyma\"]}]},{\"@type\":\"BreadcrumbList\",\"@id\":\"https://www.relo.lt/blog\/nuotrauku-redagavimas\/sukurti-skelbimo-aprasyma#breadcrumb\",\"itemListElement\":[{\"@type\":\"ListItem\",\"position\":1,\"name\":\"Home\",\"item\":\"https://www.relo.lt/blog\/\"},{\"@type\":\"ListItem\",\"position\":2,\"name\":\"Kaip naudotis relo\",\"item\":\"https://www.relo.lt/blog\/nuotrauku-redagavimas\"},{\"@type\":\"ListItem\",\"position\":3,\"name\":\"Sukurti skelbimo apra\u0161ym\u0105\"}]},{\"@type\":\"WebSite\",\"@id\":\"https://www.relo.lt/blog\/#website\",\"url\":\"https://www.relo.lt/blog\/\",\"name\":\"RELO\",\"description\":\"Parduodu NT pats\",\"potentialAction\":[{\"@type\":\"SearchAction\",\"target\":{\"@type\":\"EntryPoint\",\"urlTemplate\":\"https://www.relo.lt/blog\/?s={search_term_string}\"},\"query-input\":{\"@type\":\"PropertyValueSpecification\",\"valueRequired\":true,\"valueName\":\"search_term_string\"}}],\"inLanguage\":\"en-US\"}]}<\/script>\n<!-- \/ Yoast SEO plugin. -->","yoast_head_json":{"title":"Sukurti skelbimo apra\u0161ym\u0105 - RELO","robots":{"index":"index","follow":"follow","max-snippet":"max-snippet:-1","max-image-preview":"max-image-preview:large","max-video-preview":"max-video-preview:-1"},"canonical":"https://www.relo.lt/blog\/nuotrauku-redagavimas\/sukurti-skelbimo-aprasyma","og_locale":"en_US","og_type":"article","og_title":"Sukurti skelbimo apra\u0161ym\u0105 - RELO","og_description":"Skelbimo apra\u0161ym\u0105 RELO sukuria automati\u0161kai, remdamasis \u012fkeltomis nuotraukomis, projekto vieta (adresu ir aplinkine infrastrukt\u016bra) bei turto charakteristikomis. Turite savo m\u0117gstam\u0105 skelbimo stili\u0173? Galite sukurti \u0161ablon\u0105 ir personalizuoti.","og_url":"https://www.relo.lt/blog\/nuotrauku-redagavimas\/sukurti-skelbimo-aprasyma","og_site_name":"RELO","article_publisher":"https:\/\/www.facebook.com\/citynow.lt","article_modified_time":"2025-11-27T11:44:24+00:00","twitter_card":"summary_large_image","schema":{"@context":"https:\/\/schema.org","@graph":[{"@type":"WebPage","@id":"https://www.relo.lt/blog\/nuotrauku-redagavimas\/sukurti-skelbimo-aprasyma","url":"https://www.relo.lt/blog\/nuotrauku-redagavimas\/sukurti-skelbimo-aprasyma","name":"Sukurti skelbimo apra\u0161ym\u0105 - RELO","isPartOf":{"@id":"https://www.relo.lt/blog\/#website"},"datePublished":"2025-11-27T11:37:50+00:00","dateModified":"2025-11-27T11:44:24+00:00","breadcrumb":{"@id":"https://www.relo.lt/blog\/nuotrauku-redagavimas\/sukurti-skelbimo-aprasyma#breadcrumb"},"inLanguage":"en-US","potentialAction":[{"@type":"ReadAction","target":["https://www.relo.lt/blog\/nuotrauku-redagavimas\/sukurti-skelbimo-aprasyma"]}]},{"@type":"BreadcrumbList","@id":"https://www.relo.lt/blog\/nuotrauku-redagavimas\/sukurti-skelbimo-aprasyma#breadcrumb","itemListElement":[{"@type":"ListItem","position":1,"name":"Home","item":"https://www.relo.lt/blog\/"},{"@type":"ListItem","position":2,"name":"Kaip naudotis relo","item":"https://www.relo.lt/blog\/nuotrauku-redagavimas"},{"@type":"ListItem","position":3,"name":"Sukurti skelbimo apra\u0161ym\u0105"}]},{"@type":"WebSite","@id":"https://www.relo.lt/blog\/#website","url":"https://www.relo.lt/blog\/","name":"RELO","description":"Parduodu NT pats","potentialAction":[{"@type":"SearchAction","target":{"@type":"EntryPoint","urlTemplate":"https://www.relo.lt/blog\/?s={search_term_string}"},"query-input":{"@type":"PropertyValueSpecification","valueRequired":true,"valueName":"search_term_string"}}],"inLanguage":"en-US"}]}},"_links":{"self":[{"href":"https://www.relo.lt/blog\/wp-json\/wp\/v2\/pages\/90","targetHints":{"allow":["GET"]}}],"collection":[{"href":"https://www.relo.lt/blog\/wp-json\/wp\/v2\/pages"}],"about":[{"href":"https://www.relo.lt/blog\/wp-json\/wp\/v2\/types\/page"}],"author":[{"embeddable":true,"href":"https://www.relo.lt/blog\/wp-json\/wp\/v2\/users\/2"}],"replies":[{"embeddable":true,"href":"https://www.relo.lt/blog\/wp-json\/wp\/v2\/comments?post=90"}],"version-history":[{"count":3,"href":"https://www.relo.lt/blog\/wp-json\/wp\/v2\/pages\/90\/revisions"}],"predecessor-version":[{"id":94,"href":"https://www.relo.lt/blog\/wp-json\/wp\/v2\/pages\/90\/revisions\/94"}],"up":[{"embeddable":true,"href":"https://www.relo.lt/blog\/wp-json\/wp\/v2\/pages\/65"}],"wp:attachment":[{"href":"https://www.relo.lt/blog\/wp-json\/wp\/v2\/media?parent=90"}],"curies":[{"name":"wp","href":"https:\/\/api.w.org\/{rel}","templated":true}]}}